

{"id":107,"date":"2024-09-13T18:38:36","date_gmt":"2024-09-13T16:38:36","guid":{"rendered":"https:\/\/www.makedonski-prevod.de\/?page_id=107"},"modified":"2025-07-13T23:34:56","modified_gmt":"2025-07-13T21:34:56","slug":"kontakt-2","status":"publish","type":"page","link":"https:\/\/www.makedonski-prevod.de\/?page_id=107","title":{"rendered":"Kontakt"},"content":{"rendered":"\n<p>Gelegen im wundersch\u00f6nen Umland von K\u00f6ln \u2013 zwischen Leverkusen und Bergisch Gladbach \u2013 befindet sich mein B\u00fcro in Odenthal. Nach vorheriger Terminvereinbarung k\u00f6nnen Sie mich gerne pers\u00f6nlich besuchen oder \u00fcber eine der folgenden Kontaktm\u00f6glichkeiten erreichen:<\/p>\n\n\n\n<ul class=\"wp-block-list\">\n<li>E-Mail: emanueladimova@gmail.com<\/li>\n\n\n\n<li>Telefon: +49 173 47 83 983<\/li>\n<\/ul>\n\n\n\n\n\n\t\t\t\t<div id=\"map_ol3js_1\" class=\"map undefined\" data-map_name=\"undefined\" data-map=\"map_ol3js_1\" style=\"width:50%; max-width:100%; height:450px; display:block; overflow:hidden;border:2px solid grey;\" >\n\t\t\t\t  <div id=\"map_ol3js_1_popup\" class=\"ol-popup\" >\n\t\t\t\t\t<a href=\"#\" id=\"map_ol3js_1_popup-closer\" class=\"ol-popup-closer\"><\/a>\n\t\t\t\t\t<div id=\"map_ol3js_1_popup-content\" ><\/div>\n\t\t\t\t  <\/div>\n\t\t\t\t<\/div>\n\t\t\t\n\n\t\t\t\t<script type=\"text\/javascript\">\n\t\t\t\t\ttranslations['openlayer'] = \"open layer\";\n\t\t\t\t\ttranslations['openlayerAtStartup'] = \"open layer at startup\";\n\t\t\t\t\ttranslations['generateLink'] = \"Der Link zur Karte mit ausgew\u00e4hlten Overlays und angezeigtem Ausschnitt\";\n\t\t\t\t\ttranslations['shortDescription'] = \"Kurzbeschreibung\";\n\t\t\t\t\ttranslations['generatedShortCode'] = \"to get a text control link paste this code in your wordpress editor\";\n\t\t\t\t\ttranslations['closeLayer'] = \"close layer\";\n\t\t\t\t\ttranslations['cantGenerateLink'] = \"put this string in the existing map short code to control this map\";\n\t\t\t  <\/script>\n\n\n\t\t\t  <script type=\"text\/javascript\">\n\t\t\t  vectorM['map_ol3js_1'] = [];\n\t        \n        var raster = getTileLayer(\"osm\",\"NoKey\");\t\t\t\n\n\t\t\t  var map_ol3js_1 = new ol.Map({\n\t\t\t\tinteractions: ol.interaction.defaults.defaults({mouseWheelZoom:false}),\n\t\t\t\tlayers: [raster],\n\t\t\t\ttarget: \"map_ol3js_1\",\n\t\t\t\tview: new ol.View({\n\t\t\t\t  center: ol.proj.transform([7.109,51.008], \"EPSG:4326\", \"EPSG:3857\"),\n\t\t\t\t  zoom: 10.9\n\t\t\t\t})\n\t\t\t  });\n\t\t\t  addControls2Map(map_ol3js_1,0,0,3,0,5,6,7,0,1);\nosm_addPopupClickhandler(map_ol3js_1,  \"map_ol3js_1\"); \nosm_addMouseHover(map_ol3js_1); <\/script>\n\n\n\n<p><\/p>\n","protected":false},"excerpt":{"rendered":"<p>Gelegen im wundersch\u00f6nen Umland von K\u00f6ln \u2013 zwischen Leverkusen und Bergisch Gladbach \u2013 befindet sich mein B\u00fcro in Odenthal. Nach vorheriger Terminvereinbarung k\u00f6nnen Sie mich gerne pers\u00f6nlich besuchen oder \u00fcber eine der folgenden Kontaktm\u00f6glichkeiten erreichen:<\/p>\n","protected":false},"author":1,"featured_media":90,"parent":0,"menu_order":0,"comment_status":"closed","ping_status":"closed","template":"","meta":{"_coblocks_attr":"","_coblocks_dimensions":"","_coblocks_responsive_height":"","_coblocks_accordion_ie_support":"","hide_page_title":"","footnotes":""},"class_list":["post-107","page","type-page","status-publish","has-post-thumbnail","hentry"],"_links":{"self":[{"href":"https:\/\/www.makedonski-prevod.de\/index.php?rest_route=\/wp\/v2\/pages\/107","targetHints":{"allow":["GET"]}}],"collection":[{"href":"https:\/\/www.makedonski-prevod.de\/index.php?rest_route=\/wp\/v2\/pages"}],"about":[{"href":"https:\/\/www.makedonski-prevod.de\/index.php?rest_route=\/wp\/v2\/types\/page"}],"author":[{"embeddable":true,"href":"https:\/\/www.makedonski-prevod.de\/index.php?rest_route=\/wp\/v2\/users\/1"}],"replies":[{"embeddable":true,"href":"https:\/\/www.makedonski-prevod.de\/index.php?rest_route=%2Fwp%2Fv2%2Fcomments&post=107"}],"version-history":[{"count":7,"href":"https:\/\/www.makedonski-prevod.de\/index.php?rest_route=\/wp\/v2\/pages\/107\/revisions"}],"predecessor-version":[{"id":301,"href":"https:\/\/www.makedonski-prevod.de\/index.php?rest_route=\/wp\/v2\/pages\/107\/revisions\/301"}],"wp:featuredmedia":[{"embeddable":true,"href":"https:\/\/www.makedonski-prevod.de\/index.php?rest_route=\/wp\/v2\/media\/90"}],"wp:attachment":[{"href":"https:\/\/www.makedonski-prevod.de\/index.php?rest_route=%2Fwp%2Fv2%2Fmedia&parent=107"}],"curies":[{"name":"wp","href":"https:\/\/api.w.org\/{rel}","templated":true}]}}