{"id":155,"date":"2024-09-14T17:52:27","date_gmt":"2024-09-14T15:52:27","guid":{"rendered":"https:\/\/www.makedonski-prevod.de\/?page_id=155"},"modified":"2026-01-11T21:02:08","modified_gmt":"2026-01-11T20:02:08","slug":"kurse","status":"publish","type":"page","link":"https:\/\/www.makedonski-prevod.de\/?page_id=155","title":{"rendered":"Kurse"},"content":{"rendered":"\n<p>Als mazedonische Muttersprachlerin habe ich an der Volkshochschule D\u00fcsseldorf 2020 den ersten bundesweiten Kurs \u201eMazedonisch f\u00fcr Anf\u00e4nger\u201c konzipiert und ins Leben gerufen. <\/p>\n\n\n\n<p><\/p>\n\n\n\n<p>Einen \u00dcberblick \u00fcber die aktuell von mir angebotenen Kurse finden Sie auf der Seite der <a href=\"https:\/\/vhs.duesseldorf.de\/programm\/sprachen\/kategorie\/Mazedonisch\/1533\" target=\"_blank\" rel=\"noreferrer noopener\">VHS D\u00fcsseldorf<\/a>.<\/p>\n\n\n\n<p>Diese starten zweimal pro Jahr.<\/p>\n\n\n\n<p><\/p>\n","protected":false},"excerpt":{"rendered":"<p>Als mazedonische Muttersprachlerin habe ich an der Volkshochschule D\u00fcsseldorf 2020 den ersten bundesweiten Kurs \u201eMazedonisch f\u00fcr Anf\u00e4nger\u201c konzipiert und ins Leben gerufen. Einen \u00dcberblick \u00fcber die aktuell von mir angebotenen Kurse finden Sie auf der Seite der VHS D\u00fcsseldorf. Diese starten zweimal pro Jahr.<\/p>\n","protected":false},"author":1,"featured_media":0,"parent":0,"menu_order":0,"comment_status":"closed","ping_status":"closed","template":"","meta":{"_coblocks_attr":"","_coblocks_dimensions":"","_coblocks_responsive_height":"","_coblocks_accordion_ie_support":"","hide_page_title":"","footnotes":""},"class_list":["post-155","page","type-page","status-publish","hentry"],"_links":{"self":[{"href":"https:\/\/www.makedonski-prevod.de\/index.php?rest_route=\/wp\/v2\/pages\/155","targetHints":{"allow":["GET"]}}],"collection":[{"href":"https:\/\/www.makedonski-prevod.de\/index.php?rest_route=\/wp\/v2\/pages"}],"about":[{"href":"https:\/\/www.makedonski-prevod.de\/index.php?rest_route=\/wp\/v2\/types\/page"}],"author":[{"embeddable":true,"href":"https:\/\/www.makedonski-prevod.de\/index.php?rest_route=\/wp\/v2\/users\/1"}],"replies":[{"embeddable":true,"href":"https:\/\/www.makedonski-prevod.de\/index.php?rest_route=%2Fwp%2Fv2%2Fcomments&post=155"}],"version-history":[{"count":6,"href":"https:\/\/www.makedonski-prevod.de\/index.php?rest_route=\/wp\/v2\/pages\/155\/revisions"}],"predecessor-version":[{"id":319,"href":"https:\/\/www.makedonski-prevod.de\/index.php?rest_route=\/wp\/v2\/pages\/155\/revisions\/319"}],"wp:attachment":[{"href":"https:\/\/www.makedonski-prevod.de\/index.php?rest_route=%2Fwp%2Fv2%2Fmedia&parent=155"}],"curies":[{"name":"wp","href":"https:\/\/api.w.org\/{rel}","templated":true}]}}